{"id":67,"date":"2021-07-17T08:00:00","date_gmt":"2021-07-17T06:00:00","guid":{"rendered":"http:\/\/pompignac.com\/pompi-amap\/?page_id=67"},"modified":"2025-09-12T19:07:12","modified_gmt":"2025-09-12T17:07:12","slug":"nos-contrats","status":"publish","type":"page","link":"http:\/\/pompignac.com\/pompi-amap\/nos-contrats\/","title":{"rendered":"Nos contrats"},"content":{"rendered":"\n<h2 class=\"wp-block-heading has-text-align-center has-text-color\" id=\"prochainesignature\" style=\"color:#2d8e2d\"><strong><span style=\"text-decoration: underline;\">Nos coordinateurs<\/span><\/strong><\/h2>\n\n\n\n<p class=\"has-text-color has-medium-font-size\" style=\"color:#2d8e2d\"><strong>Pour information, tous nos coordinateurs sont BENEVOLES <\/strong><\/p>\n\n\n\n<figure class=\"wp-block-table is-style-stripes\"><table class=\"has-black-color has-text-color\"><tbody><tr><td><strong><a href=\"https:\/\/xoyondo.com\/dp\/zen2f5a9t8txp8g\">champignons bruns et Shiitake<\/a><\/strong><\/td><td><a href=\"mailto:mfdoutresebie@orange.fr\" data-type=\"mailto\" data-id=\"mailto:mfdoutresebie@orange.fr\">Marie-France<\/a><\/td><td>06 67 00 04 86<br><\/td><\/tr><tr><td><a rel=\"noreferrer noopener\" href=\"http:\/\/xoyondo.com\/dp\/O8A8AeMPMl1i8Fl\" target=\"_blank\"><strong> <\/strong><\/a><a rel=\"noreferrer noopener\" href=\"https:\/\/xoyondo.com\/dp\/LMdZmUxuZfICN3P\" target=\"_blank\"><strong>brebis<\/strong><\/a><\/td><td><a href=\"mailto:boureljosy@hotmail.fr\" data-type=\"mailto\" data-id=\"mailto:boureljosy@hotmail.fr\" target=\"_blank\" rel=\"noreferrer noopener\">Jocelyne<\/a><\/td><td>06 12 56 37 39<\/td><\/tr><tr><td><strong>from. ch\u00e8vre<\/strong><\/td><td><a href=\"mailto:linecoup@aol.com\" data-type=\"mailto\" data-id=\"mailto:linecoup@aol.com\">Line<\/a><\/td><td>06 88 67 85 52<\/td><\/tr><tr><td><a rel=\"noreferrer noopener\" href=\"https:\/\/xoyondo.com\/dp\/4kedpnxopy9hh6c\/ue\/evbxh\" target=\"_blank\"><strong>l\u00e9gumes<\/strong><\/a><\/td><td><a href=\"mailto:gerardsebie@orange.fr\" data-type=\"mailto\" data-id=\"mailto:gerardsebie@orange.fr\" target=\"_blank\" rel=\"noreferrer noopener\">G\u00e9rard<\/a><\/td><td>06 13 22 24 31<\/td><\/tr><tr><td><strong>from. ch\u00e8vre<\/strong><\/td><td><a href=\"mailto:durut.philippe@laposte.net\" data-type=\"mailto\" data-id=\"mailto:daniellelaborde@free.fr\" target=\"_blank\" rel=\"noreferrer noopener\">Philippe<\/a><\/td><td>06 79 85 54 83<\/td><\/tr><tr><td><strong><a href=\"https:\/\/xoyondo.com\/dp\/k6s2ica5ou8yywu\">noix et huile de noix<\/a><\/strong><a href=\"https:\/\/xoyondo.com\/dp\/k6s2ica5ou8yywu\"> <strong>ICI<\/strong><\/a><\/td><td><a href=\"mailto:brimon2@free.fr\">Brigitte<\/a><\/td><td>06 87 36 40 01<\/td><\/tr><tr><td><strong><a href=\"https:\/\/xoyondo.com\/dp\/aqjz9ryk39ia43z\" target=\"_blank\" rel=\"noreferrer noopener\">\u0153ufs<\/a><\/strong>, <strong>p\u00eaches et brugnons<\/strong>, <strong><a href=\"https:\/\/xoyondo.com\/dp\/36tbo1s1zk5modc\" target=\"_blank\" rel=\"noreferrer noopener\">raisin de table <\/a><\/strong><\/td><td><a href=\"mailto:josianeguillaume2@gmail.com\" data-type=\"mailto\" data-id=\"mailto:josianeguillaume2@gmail.com\" target=\"_blank\" rel=\"noreferrer noopener\">Josiane<\/a><\/td><td>06 11 75 36 51<\/td><\/tr><tr><td><strong><a href=\"https:\/\/xoyondo.com\/dp\/n0u20s17vg5b3me\" target=\"_blank\" rel=\"noreferrer noopener\">poisson<\/a><\/strong><\/td><td><a href=\"mailto:fj@resolutio.fr\" data-type=\"mailto\" data-id=\"mailto:fj@resolutio.fr\" target=\"_blank\" rel=\"noreferrer noopener\">Francis<\/a><\/td><td>06 08 58 21 24<\/td><\/tr><tr><td><a href=\"http:\/\/pompignac.com\/pompi-amap\/wp-content\/uploads\/2025\/03\/20120918-ANALYSES-TSH.pdf\"><strong>pain<\/strong><\/a><\/td><td><a href=\"mailto:bbru33@protonmail.com\" data-type=\"mailto\" data-id=\"mailto:bbru33@protonmail.com\" target=\"_blank\" rel=\"noreferrer noopener\">Bertrand<\/a><\/td><td>06 44 74 23 14<\/td><\/tr><tr><td><strong><a href=\"https:\/\/xoyondo.com\/dp\/xjs4pxhgtibhg23\" target=\"_blank\" rel=\"noreferrer noopener\">pommes fruits et jus<\/a><\/strong> <strong>et pain<\/strong><\/td><td><a rel=\"noreferrer noopener\" href=\"mailto:angelique.lora@hotmail.fr\" data-type=\"mailto\" data-id=\"mailto:angelique.lora@hotmail.fr\" target=\"_blank\">Marie<\/a><\/td><td>06 46 15 03 07<\/td><\/tr><tr><td><a href=\"https:\/\/xoyondo.com\/dp\/yr3834u716ie8cu\" target=\"_blank\" rel=\"noreferrer noopener\"><strong>poulet<\/strong><\/a><\/td><td><a href=\"mailto:annie.gribling@gmail.com\" data-type=\"mailto\" data-id=\"mailto:annie.gribling@gmail.com\" target=\"_blank\" rel=\"noreferrer noopener\">Annie<\/a><\/td><td>06 15 07 52 49<\/td><\/tr><\/tbody><\/table><\/figure>\n\n\n\n<p class=\"has-vivid-red-color has-text-color\">Liste des contrats avec leur coordinateur, lien email et t\u00e9l\u00e9phone<\/p>\n\n\n\n<p class=\"has-black-color has-text-color\"><\/p>\n\n\n\n<h1 class=\"wp-block-heading has-text-align-center has-black-color has-text-color\"><\/h1>\n\n\n\n<p><\/p>\n","protected":false},"excerpt":{"rendered":"<p>Nos coordinateurs Pour information, tous nos coordinateurs sont BENEVOLES champignons bruns et Shiitake Marie-France 06 67 00 04 86 brebis Jocelyne 06 12 56 37 39 from. ch\u00e8vre Line 06 88 67 85 52 l\u00e9gumes G\u00e9rard 06 13 22 24 31 from. ch\u00e8vre Philippe 06 79 85 54 83 noix et huile de noix ICI &hellip; <\/p>\n<p class=\"link-more\"><a href=\"http:\/\/pompignac.com\/pompi-amap\/nos-contrats\/\" class=\"more-link\">Continuer la lecture<span class=\"screen-reader-text\"> de &laquo;&nbsp;Nos contrats&nbsp;&raquo;<\/span><\/a><\/p>\n","protected":false},"author":1,"featured_media":0,"parent":0,"menu_order":0,"comment_status":"closed","ping_status":"closed","template":"","meta":{"footnotes":""},"class_list":["post-67","page","type-page","status-publish","hentry"],"_links":{"self":[{"href":"http:\/\/pompignac.com\/pompi-amap\/wp-json\/wp\/v2\/pages\/67","targetHints":{"allow":["GET"]}}],"collection":[{"href":"http:\/\/pompignac.com\/pompi-amap\/wp-json\/wp\/v2\/pages"}],"about":[{"href":"http:\/\/pompignac.com\/pompi-amap\/wp-json\/wp\/v2\/types\/page"}],"author":[{"embeddable":true,"href":"http:\/\/pompignac.com\/pompi-amap\/wp-json\/wp\/v2\/users\/1"}],"replies":[{"embeddable":true,"href":"http:\/\/pompignac.com\/pompi-amap\/wp-json\/wp\/v2\/comments?post=67"}],"version-history":[{"count":149,"href":"http:\/\/pompignac.com\/pompi-amap\/wp-json\/wp\/v2\/pages\/67\/revisions"}],"predecessor-version":[{"id":587,"href":"http:\/\/pompignac.com\/pompi-amap\/wp-json\/wp\/v2\/pages\/67\/revisions\/587"}],"wp:attachment":[{"href":"http:\/\/pompignac.com\/pompi-amap\/wp-json\/wp\/v2\/media?parent=67"}],"curies":[{"name":"wp","href":"https:\/\/api.w.org\/{rel}","templated":true}]}}