{"id":69,"date":"2019-10-14T22:28:39","date_gmt":"2019-10-14T20:28:39","guid":{"rendered":"http:\/\/pompignac.com\/pompi-amap\/?page_id=69"},"modified":"2019-10-14T22:32:57","modified_gmt":"2019-10-14T20:32:57","slug":"a-propos","status":"publish","type":"page","link":"http:\/\/pompignac.com\/pompi-amap\/a-propos\/","title":{"rendered":"A propos &#8230;"},"content":{"rendered":"\n<p><strong>Mentions L\u00e9gales<\/strong><\/p>\n\n\n\n<p><strong>Association\npropri\u00e9taire du Site<\/strong><br>\nAMAP le Pompin&rsquo;ambour<br>\nBP 314 &#8211; Mairie<br>\n33370 POMPIGNAC<br>\ncontact@amap.pompignac.com<\/p>\n\n\n\n<p><strong>R\u00e9alisation\n&amp; Conception<\/strong><br>\nLe site a \u00e9t\u00e9 r\u00e9alis\u00e9 par une personne b\u00e9n\u00e9vole de l\u2019association AMAP Le\nPompin&rsquo;ambour<\/p>\n\n\n\n<p><strong>H\u00e9bergement<\/strong><br>\nLa Gestion, la Maintenance et le Suivi de l\u2019h\u00e9bergement sont r\u00e9alis\u00e9s par une\npersonne b\u00e9n\u00e9vole de l\u2019association AMAP le Pompin&rsquo;ambour<\/p>\n\n\n\n<p>L\u2019h\u00e9bergement\ndu site est r\u00e9alis\u00e9 par la soci\u00e9t\u00e9 OVH :<br>\nSAS au capital de 10 059 500 \u20ac<br>\nRCS Lille M\u00e9tropole 424 761 419 00045<br>\nCode APE 6202A<br>\nN\u00b0 TVA : FR 22 424 761 419<br>\nSi\u00e8ge social : 2 rue Kellermann \u2013 59100 Roubaix \u2013 France.<br>\nDirecteur de la publication : Octave KLABA<\/p>\n\n\n\n<p><strong>Droits d\u2019auteurs<\/strong><br>\nEn application du Code fran\u00e7ais de la Propri\u00e9t\u00e9 Intellectuelle et, plus\ng\u00e9n\u00e9ralement, des trait\u00e9s et accords internationaux comportant des dispositions\nrelatives \u00e0 la protection des droits d\u2019auteurs, vous vous interdirez de\nreproduire pour un usage autre que priv\u00e9 mais aussi de vendre, distribuer,\n\u00e9mettre, diffuser, adapter, modifier, publier, communiquer int\u00e9gralement ou\npartiellement, sous quelque forme que ce soit, les donn\u00e9es, la pr\u00e9sentation ou\nl\u2019organisation du site sans l\u2019autorisation \u00e9crite pr\u00e9alable de l\u2019association\nAMAP le Pompinb&rsquo;ambour \u00a9.<\/p>\n\n\n\n<p><strong>L\u00e9gislation\nfran\u00e7aise relative au droit d\u2019acc\u00e8s au fichier informatis\u00e9<\/strong><br>\nConform\u00e9ment \u00e0 la loi fran\u00e7aise N\u00b7 78-17 du 6 janvier 1978 relative \u00e0\nl\u2019informatique, aux fichiers et aux libert\u00e9s (CNIL), tout utilisateur ayant\nd\u00e9pos\u00e9 sur ce site des informations directement ou indirectement nominatives,\npeut demander la communication des informations nominatives le concernant en\ns\u2019adressant \u00e0 : Association AMAP Le Pompin&rsquo;ambour, BP 314, Mairie, 33370\nPOMPIGNAC&nbsp; et les faire rectifier le cas \u00e9ch\u00e9ant.<\/p>\n\n\n\n<p><strong>D\u00e9charge de\nresponsabilit\u00e9<\/strong><br>\nAlors que nous avons effectu\u00e9 toutes les d\u00e9marches pour nous assurer de la\nfiabilit\u00e9 des informations contenues sur ce site internet, l\u2019association AMAP\nLe Pompin&rsquo;ambour ne peut encourir aucune responsabilit\u00e9 du fait d\u2019erreurs,\nd\u2019omissions, ou pour les r\u00e9sultats qui pourraient \u00eatre obtenus par l\u2019usage de\nces informations.<br>\nL\u2019association AMAP Le Pompin&rsquo;ambour n\u2019est tenu que d\u2019une obligation de moyens\nconcernant les informations qu\u2019elle met \u00e0 disposition des personnes qui\nacc\u00e8dent \u00e0 son site internet.<br>\nPar ailleurs, l\u2019usage de liens hypertextes peut conduire votre consultation de\nnotre site vers d\u2019autres serveurs, serveurs sur lesquels l\u2019association AMAP Le\nPompin&rsquo;ambour n\u2019a aucun contr\u00f4le.<\/p>\n\n\n\n<p><strong>Acc\u00e8s au\nsite Internet<\/strong><br>\nL\u2019acc\u00e8s au Site est possible 24 heures sur 24, 7 jours sur 7, sauf en cas de\nforce majeure ou d\u2019un \u00e9v\u00e9nement hors du contr\u00f4le de l\u2019association AMAP Le\nPompin&rsquo;ambour et sous r\u00e9serve des \u00e9ventuelles pannes et interventions de\nmaintenance n\u00e9cessaires au bon fonctionnement du Site et des mat\u00e9riels\naff\u00e9rents.<br>\nL\u2019acc\u00e8s au service se fait \u00e0 partir d\u2019un micro-ordinateur connect\u00e9 \u00e0 un r\u00e9seau\nde t\u00e9l\u00e9communication permettant l\u2019acc\u00e8s au Site selon les protocoles de\ncommunication utilis\u00e9s sur le r\u00e9seau d\u2019Internet.<\/p>\n","protected":false},"excerpt":{"rendered":"<p>Mentions L\u00e9gales Association propri\u00e9taire du Site AMAP le Pompin&rsquo;ambour BP 314 &#8211; Mairie 33370 POMPIGNAC contact@amap.pompignac.com R\u00e9alisation &amp; Conception Le site a \u00e9t\u00e9 r\u00e9alis\u00e9 par une personne b\u00e9n\u00e9vole de l\u2019association AMAP Le Pompin&rsquo;ambour H\u00e9bergement La Gestion, la Maintenance et le Suivi de l\u2019h\u00e9bergement sont r\u00e9alis\u00e9s par une personne b\u00e9n\u00e9vole de l\u2019association AMAP le Pompin&rsquo;ambour L\u2019h\u00e9bergement &hellip; <\/p>\n<p class=\"link-more\"><a href=\"http:\/\/pompignac.com\/pompi-amap\/a-propos\/\" class=\"more-link\">Continuer la lecture<span class=\"screen-reader-text\"> de &laquo;&nbsp;A propos &#8230;&nbsp;&raquo;<\/span><\/a><\/p>\n","protected":false},"author":1,"featured_media":0,"parent":0,"menu_order":0,"comment_status":"closed","ping_status":"closed","template":"","meta":{"footnotes":""},"class_list":["post-69","page","type-page","status-publish","hentry"],"_links":{"self":[{"href":"http:\/\/pompignac.com\/pompi-amap\/wp-json\/wp\/v2\/pages\/69","targetHints":{"allow":["GET"]}}],"collection":[{"href":"http:\/\/pompignac.com\/pompi-amap\/wp-json\/wp\/v2\/pages"}],"about":[{"href":"http:\/\/pompignac.com\/pompi-amap\/wp-json\/wp\/v2\/types\/page"}],"author":[{"embeddable":true,"href":"http:\/\/pompignac.com\/pompi-amap\/wp-json\/wp\/v2\/users\/1"}],"replies":[{"embeddable":true,"href":"http:\/\/pompignac.com\/pompi-amap\/wp-json\/wp\/v2\/comments?post=69"}],"version-history":[{"count":2,"href":"http:\/\/pompignac.com\/pompi-amap\/wp-json\/wp\/v2\/pages\/69\/revisions"}],"predecessor-version":[{"id":74,"href":"http:\/\/pompignac.com\/pompi-amap\/wp-json\/wp\/v2\/pages\/69\/revisions\/74"}],"wp:attachment":[{"href":"http:\/\/pompignac.com\/pompi-amap\/wp-json\/wp\/v2\/media?parent=69"}],"curies":[{"name":"wp","href":"https:\/\/api.w.org\/{rel}","templated":true}]}}