{"id":8,"date":"2019-10-14T17:06:53","date_gmt":"2019-10-14T15:06:53","guid":{"rendered":"http:\/\/pompignac.com\/pompi-amap\/?page_id=8"},"modified":"2025-06-14T02:28:59","modified_gmt":"2025-06-14T00:28:59","slug":"accueil","status":"publish","type":"page","link":"https:\/\/pompignac.com\/pompi-amap\/","title":{"rendered":"Accueil"},"content":{"rendered":"\n<p>Le <strong>POMPIN&rsquo;AMBOUR<\/strong> est une AMAP (<strong><em>Association pour le Maintien de l&rsquo;Agriculture Paysanne<\/em><\/strong>) cr\u00e9\u00e9e en octobre 2008 par un groupe de CONSOMM&rsquo;ACTEURS <strong>BENEVOLES<\/strong> de POMPIGNAC avec pour but de favoriser le rapprochement avec les producteurs pour une alimentation de qualit\u00e9, socialement \u00e9quitable et \u00e9cologiquement saine. Association d\u00e9clar\u00e9e loi 1901, son fonctionnement est coll\u00e9gial, assur\u00e9 par un groupe de 15 b\u00e9n\u00e9voles consomm&rsquo;acteurs. <a href=\"https:\/\/pompignac.com\/pompi-amap\/wp-content\/uploads\/2020\/01\/R\u00e8glement-int\u00e9rieur-01-01-2019-maison-de-cadouin.pdf\" target=\"_blank\" rel=\"noopener noreferrer\">R\u00e8glement interne<\/a><\/p>\n\n\n\n<p><strong>Le POMPIN&rsquo;AMBOUR<\/strong><\/p>\n\n\n\n<ul class=\"wp-block-list\">\n<li>est affili\u00e9 au <strong>r\u00e9seau AMAP Aquitaine<\/strong><\/li>\n\n\n\n<li>respecte la <a href=\"http:\/\/www.lesamapdeprovence.org\/IMG\/pdf\/Charte_des_AMAP.pdf\"><strong>Charte AMAP d&rsquo;Alliance Provence<\/strong><\/a><strong>,<\/strong><\/li>\n\n\n\n<li>compte 83 familles adh\u00e9rentes<\/li>\n\n\n\n<li><strong>reste ouvert \u00e0 de nouvelles adh\u00e9sions.<\/strong><\/li>\n<\/ul>\n\n\n\n<p>Les producteurs sont s\u00e9lectionn\u00e9s par nos soins selon des crit\u00e8res fix\u00e9s par la charte des AMAP. La distribution des produits a lieu <strong>chaque mardi de 18h00 \u00e0 19h30<\/strong><\/p>\n\n\n\n<ul class=\"wp-block-list\">\n<li>L\u00e9gumes Bio toutes les semaines<\/li>\n\n\n\n<li>Fromages de ch\u00e8vre tous les mois (mars \u00e0 octobre)<\/li>\n\n\n\n<li>Fromages de brebis tous les mois\u00a0<\/li>\n\n\n\n<li>Poulet fermier tous les mois<\/li>\n\n\n\n<li>Poisson du Bassin d&rsquo;Arcachon tous les mois (septembre \u00e0 juin)<\/li>\n\n\n\n<li>\u0152ufs Bio toutes les 2 semaines<\/li>\n\n\n\n<li>Pommes Bio et jus toutes les 3 semaines de fin septembre \u00e0 avril.<\/li>\n\n\n\n<li>Viande d&rsquo;agneau Bio 2 fois par an (P\u00e2ques et No\u00ebl)<\/li>\n\n\n\n<li>Champignons bruns tous les mois de septembre \u00e0 juin<\/li>\n\n\n\n<li>Noix du Lot et huile \u00e0 la saison<\/li>\n\n\n\n<li>Brugnons de juin \u00e0 ao\u00fbt<\/li>\n<\/ul>\n\n\n\n<p><\/p>\n\n\n\n<p>Contactez-nous : <a href=\"mailto:lepompinambour@gmail.com\">lepompinambour@gmail.com<\/a><\/p>\n\n\n\n<p>Inscrivez-vous \u00e0 <a href=\"https:\/\/67acd8a1.sibforms.com\/serve\/MUIEAG6qhJldPKpaDTXAQ-D9HENDmsSO2XLBgqCuERNi1y7858ftQp7c3cZZqCsAP0V9CfcszMELZEJYsnQykG-TgtDa9DiwDFTYbemVZ9fSN-huKpd53ShAQXxfC1RcoynrgNqiirRRCrEqLAFV9Nu1zH6zVa8sPTmMGoQ1QZiFYgAerKUm1CTvJxXDztsvJOSMOBOy4LXvZhJZ\">notre lettre d&rsquo;information hebdomadaire<\/a>&nbsp;(vous pouvez vous d\u00e9sinscrire automatiquement \u00e0 tout moment)<\/p>\n\n\n\n<p><\/p>\n","protected":false},"excerpt":{"rendered":"<p>Le POMPIN&rsquo;AMBOUR est une AMAP (Association pour le Maintien de l&rsquo;Agriculture Paysanne) cr\u00e9\u00e9e en octobre 2008 par un groupe de CONSOMM&rsquo;ACTEURS BENEVOLES de POMPIGNAC avec pour but de favoriser le rapprochement avec les producteurs pour une alimentation de qualit\u00e9, socialement \u00e9quitable et \u00e9cologiquement saine. Association d\u00e9clar\u00e9e loi 1901, son fonctionnement est coll\u00e9gial, assur\u00e9 par un &hellip; <\/p>\n<p class=\"link-more\"><a href=\"https:\/\/pompignac.com\/pompi-amap\/\" class=\"more-link\">Continuer la lecture<span class=\"screen-reader-text\"> de &laquo;&nbsp;Accueil&nbsp;&raquo;<\/span><\/a><\/p>\n","protected":false},"author":1,"featured_media":0,"parent":0,"menu_order":0,"comment_status":"closed","ping_status":"closed","template":"","meta":{"footnotes":""},"class_list":["post-8","page","type-page","status-publish","hentry"],"_links":{"self":[{"href":"https:\/\/pompignac.com\/pompi-amap\/wp-json\/wp\/v2\/pages\/8","targetHints":{"allow":["GET"]}}],"collection":[{"href":"https:\/\/pompignac.com\/pompi-amap\/wp-json\/wp\/v2\/pages"}],"about":[{"href":"https:\/\/pompignac.com\/pompi-amap\/wp-json\/wp\/v2\/types\/page"}],"author":[{"embeddable":true,"href":"https:\/\/pompignac.com\/pompi-amap\/wp-json\/wp\/v2\/users\/1"}],"replies":[{"embeddable":true,"href":"https:\/\/pompignac.com\/pompi-amap\/wp-json\/wp\/v2\/comments?post=8"}],"version-history":[{"count":13,"href":"https:\/\/pompignac.com\/pompi-amap\/wp-json\/wp\/v2\/pages\/8\/revisions"}],"predecessor-version":[{"id":580,"href":"https:\/\/pompignac.com\/pompi-amap\/wp-json\/wp\/v2\/pages\/8\/revisions\/580"}],"wp:attachment":[{"href":"https:\/\/pompignac.com\/pompi-amap\/wp-json\/wp\/v2\/media?parent=8"}],"curies":[{"name":"wp","href":"https:\/\/api.w.org\/{rel}","templated":true}]}}